{"id":46,"date":"2018-08-15T18:47:42","date_gmt":"2018-08-15T18:47:42","guid":{"rendered":"https:\/\/arroceradenayarit.com\/lavillita\/?page_id=46"},"modified":"2025-11-22T01:05:14","modified_gmt":"2025-11-22T01:05:14","slug":"inicio","status":"publish","type":"page","link":"https:\/\/arroceradenayarit.com\/lavillita\/","title":{"rendered":"INICIO"},"content":{"rendered":"<p>[et_pb_section fb_built=\u00bb1&#8243; fullwidth=\u00bbon\u00bb _builder_version=\u00bb4.27.4&#8243; box_shadow_style=\u00bbpreset3&#8243; global_colors_info=\u00bb{}\u00bb][et_pb_fullwidth_slider _builder_version=\u00bb4.27.4&#8243; _module_preset=\u00bbdefault\u00bb min_height=\u00bb450px\u00bb auto=\u00bbon\u00bb auto_ignore_hover=\u00bbon\u00bb hover_enabled=\u00bb0&#8243; global_colors_info=\u00bb{}\u00bb min_height_last_edited=\u00bbon|desktop\u00bb min_height_phone=\u00bb130px\u00bb sticky_enabled=\u00bb0&#8243; min_height_tablet=\u00bb250px\u00bb][et_pb_slide admin_title=\u00bb65 a\u00f1os\u00bb _builder_version=\u00bb4.27.4&#8243; _module_preset=\u00bbdefault\u00bb background_enable_color=\u00bboff\u00bb background_image=\u00bbhttps:\/\/arroceradenayarit.com\/lavillita\/wp-content\/uploads\/2023\/01\/banervillita_65.jpg\u00bb background_enable_image=\u00bbon\u00bb global_colors_info=\u00bb{}\u00bb sticky_transition=\u00bbon\u00bb][\/et_pb_slide][et_pb_slide admin_title=\u00bbarroz milagro\u00bb _builder_version=\u00bb4.27.4&#8243; _module_preset=\u00bbdefault\u00bb background_enable_color=\u00bboff\u00bb background_image=\u00bbhttps:\/\/arroceradenayarit.com\/lavillita\/wp-content\/uploads\/2025\/11\/baneriniciolavillita01.jpg\u00bb background_enable_image=\u00bbon\u00bb global_colors_info=\u00bb{}\u00bb sticky_transition=\u00bbon\u00bb][\/et_pb_slide][et_pb_slide admin_title=\u00bbarroz morelos\u00bb _builder_version=\u00bb4.27.4&#8243; _module_preset=\u00bbdefault\u00bb background_enable_color=\u00bboff\u00bb background_image=\u00bbhttps:\/\/arroceradenayarit.com\/lavillita\/wp-content\/uploads\/2025\/11\/baneriniciolavillita02.jpg\u00bb background_enable_image=\u00bbon\u00bb global_colors_info=\u00bb{}\u00bb sticky_transition=\u00bbon\u00bb][\/et_pb_slide][et_pb_slide admin_title=\u00bbarroz delgado\u00bb _builder_version=\u00bb4.27.4&#8243; _module_preset=\u00bbdefault\u00bb background_enable_color=\u00bboff\u00bb background_image=\u00bbhttps:\/\/arroceradenayarit.com\/lavillita\/wp-content\/uploads\/2025\/11\/baneriniciolavillita03.jpg\u00bb background_enable_image=\u00bbon\u00bb global_colors_info=\u00bb{}\u00bb sticky_transition=\u00bbon\u00bb][\/et_pb_slide][et_pb_slide admin_title=\u00bbarroz integral\u00bb _builder_version=\u00bb4.27.4&#8243; _module_preset=\u00bbdefault\u00bb background_enable_color=\u00bboff\u00bb background_image=\u00bbhttps:\/\/arroceradenayarit.com\/lavillita\/wp-content\/uploads\/2025\/11\/baneriniciolavillita04.jpg\u00bb background_enable_image=\u00bbon\u00bb global_colors_info=\u00bb{}\u00bb sticky_transition=\u00bbon\u00bb][\/et_pb_slide][\/et_pb_fullwidth_slider][\/et_pb_section][et_pb_section fb_built=\u00bb1&#8243; _builder_version=\u00bb4.16&#8243; background_color=\u00bb#009300&#8243; custom_padding=\u00bb0px|0px|0px|0px\u00bb global_colors_info=\u00bb{}\u00bb][et_pb_row _builder_version=\u00bb4.16&#8243; background_size=\u00bbinitial\u00bb background_position=\u00bbtop_left\u00bb background_repeat=\u00bbrepeat\u00bb global_colors_info=\u00bb{}\u00bb][et_pb_column type=\u00bb4_4&#8243; _builder_version=\u00bb4.16&#8243; custom_padding=\u00bb|||\u00bb global_colors_info=\u00bb{}\u00bb custom_padding__hover=\u00bb|||\u00bb][et_pb_text _builder_version=\u00bb4.27.4&#8243; background_layout=\u00bbdark\u00bb hover_enabled=\u00bb0&#8243; global_colors_info=\u00bb{}\u00bb sticky_enabled=\u00bb0&#8243;]<\/p>\n<h3 style=\"text-align: center;\"><b>La Villita \/ Arrocera de Nayarit<\/b><br \/>Preocupados por ofrecer en todo momento productos con los est\u00e1ndares de calidad m\u00e1s altos.<\/h3>\n<p>[\/et_pb_text][\/et_pb_column][\/et_pb_row][\/et_pb_section][et_pb_section fb_built=\u00bb1&#8243; _builder_version=\u00bb4.27.4&#8243; use_background_color_gradient=\u00bbon\u00bb background_color_gradient_stops=\u00bbrgba(239,239,239,0) 0%|#ffffff 100%\u00bb background_color_gradient_start=\u00bb#efefef\u00bb background_color_gradient_end=\u00bb#ffffff\u00bb global_colors_info=\u00bb{}\u00bb][et_pb_row module_class=\u00bb et_pb_row_fullwidth\u00bb _builder_version=\u00bb4.16&#8243; width=\u00bb89%\u00bb width_tablet=\u00bb80%\u00bb width_phone=\u00bb80%\u00bb width_last_edited=\u00bbon|desktop\u00bb max_width=\u00bb89%\u00bb max_width_tablet=\u00bb80%\u00bb max_width_phone=\u00bb80%\u00bb max_width_last_edited=\u00bbon|desktop\u00bb make_fullwidth=\u00bbon\u00bb global_colors_info=\u00bb{}\u00bb][et_pb_column type=\u00bb4_4&#8243; _builder_version=\u00bb4.16&#8243; custom_padding=\u00bb|||\u00bb global_colors_info=\u00bb{}\u00bb custom_padding__hover=\u00bb|||\u00bb][et_pb_text _builder_version=\u00bb4.16&#8243; global_colors_info=\u00bb{}\u00bb]<\/p>\n<div class=\"et_pb_text et_pb_module et_pb_bg_layout_light et_pb_text_align_left et_pb_text_1\">\n<div class=\"et_pb_text_inner\">\n<div class=\"et_pb_text et_pb_module et_pb_bg_layout_light et_pb_text_align_left et_pb_text_1\">\n<div class=\"et_pb_text_inner\">\n<h3 style=\"text-align: center;\"><b>Trabajamos con calidad para cosechar el alimento perfecto.<\/b><\/h3>\n<\/div>\n<\/div>\n<div class=\"et_pb_text et_pb_module et_pb_bg_layout_light et_pb_text_align_left et_pb_text_2\">\n<div class=\"et_pb_text_inner\">\n<h4 style=\"text-align: center;\">Nuestros productos manejan los est\u00e1ndares de calidad m\u00e1s altos, desarrollamos tambi\u00e9n una imagen visual m\u00e1s amable con nuestros clientes, un concepto tan fresco como nuestros productos, pero sobre todo, con una l\u00ednea de dise\u00f1o mas contempor\u00e1nea, con esto ofrecemos un enlace grafico m\u00e1s propio para las futuras generaciones, herramienta que nos ayudar\u00e1 a seguir cosechando el alimento perfecto.<\/h4>\n<\/div>\n<\/div>\n<\/div>\n<\/div>\n<p>[\/et_pb_text][\/et_pb_column][\/et_pb_row][et_pb_row column_structure=\u00bb1_4,1_4,1_4,1_4&#8243; use_custom_gutter=\u00bbon\u00bb gutter_width=\u00bb1&#8243; _builder_version=\u00bb4.27.4&#8243; _module_preset=\u00bbdefault\u00bb global_colors_info=\u00bb{}\u00bb][et_pb_column type=\u00bb1_4&#8243; _builder_version=\u00bb4.27.4&#8243; _module_preset=\u00bbdefault\u00bb global_colors_info=\u00bb{}\u00bb][et_pb_image src=\u00bbhttps:\/\/arroceradenayarit.com\/lavillita\/wp-content\/uploads\/2025\/11\/arroz_milagro.png\u00bb title_text=\u00bbarroz_milagro\u00bb url=\u00bbhttps:\/\/arroceradenayarit.com\/lavillita\/arroz-milagro\/\u00bb use_overlay=\u00bbon\u00bb overlay_icon_color=\u00bb#009300&#8243; hover_icon=\u00bb&#x24;||divi||400&#8243; align=\u00bbcenter\u00bb _builder_version=\u00bb4.27.4&#8243; _module_preset=\u00bbdefault\u00bb global_colors_info=\u00bb{}\u00bb][\/et_pb_image][\/et_pb_column][et_pb_column type=\u00bb1_4&#8243; _builder_version=\u00bb4.27.4&#8243; _module_preset=\u00bbdefault\u00bb global_colors_info=\u00bb{}\u00bb][et_pb_image src=\u00bbhttps:\/\/arroceradenayarit.com\/lavillita\/wp-content\/uploads\/2025\/11\/arroz_morelos.png\u00bb title_text=\u00bbarroz_morelos\u00bb url=\u00bbhttps:\/\/arroceradenayarit.com\/lavillita\/arroz-morelos\/\u00bb use_overlay=\u00bbon\u00bb overlay_icon_color=\u00bb#009300&#8243; hover_icon=\u00bb&#x24;||divi||400&#8243; align=\u00bbcenter\u00bb _builder_version=\u00bb4.27.4&#8243; _module_preset=\u00bbdefault\u00bb global_colors_info=\u00bb{}\u00bb][\/et_pb_image][\/et_pb_column][et_pb_column type=\u00bb1_4&#8243; _builder_version=\u00bb4.27.4&#8243; _module_preset=\u00bbdefault\u00bb global_colors_info=\u00bb{}\u00bb][et_pb_image src=\u00bbhttps:\/\/arroceradenayarit.com\/lavillita\/wp-content\/uploads\/2025\/11\/arroz_delgado.png\u00bb title_text=\u00bbarroz_delgado\u00bb url=\u00bbhttps:\/\/arroceradenayarit.com\/lavillita\/arroz-delgado\/\u00bb use_overlay=\u00bbon\u00bb overlay_icon_color=\u00bb#009300&#8243; hover_icon=\u00bb&#x24;||divi||400&#8243; align=\u00bbcenter\u00bb _builder_version=\u00bb4.27.4&#8243; _module_preset=\u00bbdefault\u00bb global_colors_info=\u00bb{}\u00bb][\/et_pb_image][\/et_pb_column][et_pb_column type=\u00bb1_4&#8243; _builder_version=\u00bb4.27.4&#8243; _module_preset=\u00bbdefault\u00bb global_colors_info=\u00bb{}\u00bb][et_pb_image src=\u00bbhttps:\/\/arroceradenayarit.com\/lavillita\/wp-content\/uploads\/2025\/11\/arroz_integral.png\u00bb title_text=\u00bbarroz_integral\u00bb url=\u00bbhttps:\/\/arroceradenayarit.com\/lavillita\/arroz-integral\/\u00bb use_overlay=\u00bbon\u00bb overlay_icon_color=\u00bb#009300&#8243; hover_icon=\u00bb&#x24;||divi||400&#8243; align=\u00bbcenter\u00bb _builder_version=\u00bb4.27.4&#8243; _module_preset=\u00bbdefault\u00bb global_colors_info=\u00bb{}\u00bb][\/et_pb_image][\/et_pb_column][\/et_pb_row][\/et_pb_section][et_pb_section fb_built=\u00bb1&#8243; _builder_version=\u00bb4.16&#8243; global_colors_info=\u00bb{}\u00bb][et_pb_row _builder_version=\u00bb4.16&#8243; background_size=\u00bbinitial\u00bb background_position=\u00bbtop_left\u00bb background_repeat=\u00bbrepeat\u00bb global_colors_info=\u00bb{}\u00bb][et_pb_column type=\u00bb4_4&#8243; _builder_version=\u00bb4.16&#8243; custom_padding=\u00bb|||\u00bb global_colors_info=\u00bb{}\u00bb custom_padding__hover=\u00bb|||\u00bb][et_pb_text _builder_version=\u00bb4.16&#8243; text_text_color=\u00bb#f80000&#8243; global_colors_info=\u00bb{}\u00bb]<\/p>\n<h3 style=\"text-align: center;\">Un <strong>SABOR<\/strong> para Disfrutar en <strong>FAMILIA<\/strong><\/h3>\n<p>[\/et_pb_text][\/et_pb_column][\/et_pb_row][et_pb_row column_structure=\u00bb1_4,1_4,1_4,1_4&#8243; _builder_version=\u00bb4.16&#8243; background_size=\u00bbinitial\u00bb background_position=\u00bbtop_left\u00bb background_repeat=\u00bbrepeat\u00bb global_colors_info=\u00bb{}\u00bb][et_pb_column type=\u00bb1_4&#8243; _builder_version=\u00bb4.16&#8243; custom_padding=\u00bb|||\u00bb global_colors_info=\u00bb{}\u00bb custom_padding__hover=\u00bb|||\u00bb][et_pb_blurb title=\u00bbTIP\u00bb image=\u00bbhttps:\/\/arroceradenayarit.com\/lavillita\/wp-content\/uploads\/2019\/03\/preparacion01.png\u00bb _builder_version=\u00bb4.16&#8243; header_font=\u00bb|700|||||||\u00bb header_text_color=\u00bb#f80000&#8243; header_font_size=\u00bb40&#8243; animation_style=\u00bbslide\u00bb animation_direction=\u00bbtop\u00bb global_colors_info=\u00bb{}\u00bb]<strong>Si usted desea antes de cocer el arroz puede freirlo, no es necesario este paso para evitar que se peque o apelmace, basta seguir las siguientes instrucciones:<\/strong><br \/>\n[\/et_pb_blurb][\/et_pb_column][et_pb_column type=\u00bb1_4&#8243; _builder_version=\u00bb4.16&#8243; custom_padding=\u00bb|||\u00bb global_colors_info=\u00bb{}\u00bb custom_padding__hover=\u00bb|||\u00bb][et_pb_blurb title=\u00bb1&#8243; image=\u00bbhttps:\/\/arroceradenayarit.com\/lavillita\/wp-content\/uploads\/2019\/03\/preparacion02.png\u00bb _builder_version=\u00bb4.16&#8243; header_font=\u00bb|700|||||||\u00bb header_text_color=\u00bb#f80000&#8243; header_font_size=\u00bb40&#8243; animation_style=\u00bbslide\u00bb animation_direction=\u00bbbottom\u00bb global_colors_info=\u00bb{}\u00bb]En una cacerola 2 1\/2 tazas de agua, 2 cucharadas de aceite o mantequilla y sal (o consom\u00e9) al gusto, espere a que hierva<br \/>\n[\/et_pb_blurb][\/et_pb_column][et_pb_column type=\u00bb1_4&#8243; _builder_version=\u00bb4.16&#8243; custom_padding=\u00bb|||\u00bb global_colors_info=\u00bb{}\u00bb custom_padding__hover=\u00bb|||\u00bb][et_pb_blurb title=\u00bb2&#8243; image=\u00bbhttps:\/\/arroceradenayarit.com\/lavillita\/wp-content\/uploads\/2019\/03\/preparacion03.png\u00bb _builder_version=\u00bb4.16&#8243; header_font=\u00bb|700|||||||\u00bb header_text_color=\u00bb#f80000&#8243; header_font_size=\u00bb40&#8243; animation_style=\u00bbfade\u00bb global_colors_info=\u00bb{}\u00bb]Hasta que el agua est\u00e9 HIRVIENDO agregue la taza de arroz, tape y deje a fuego lento por aprox. 20 min. hasta que se consuma el l\u00edquido.<br \/>\n[\/et_pb_blurb][\/et_pb_column][et_pb_column type=\u00bb1_4&#8243; _builder_version=\u00bb4.16&#8243; custom_padding=\u00bb|||\u00bb global_colors_info=\u00bb{}\u00bb custom_padding__hover=\u00bb|||\u00bb][et_pb_image src=\u00bbhttps:\/\/arroceradenayarit.com\/lavillita\/wp-content\/uploads\/2019\/03\/colagemodopreparacion.png\u00bb align=\u00bbright\u00bb align_tablet=\u00bbcenter\u00bb align_phone=\u00bbcenter\u00bb align_last_edited=\u00bbon|desktop\u00bb _builder_version=\u00bb4.16&#8243; animation_style=\u00bbslide\u00bb animation_direction=\u00bbright\u00bb global_colors_info=\u00bb{}\u00bb][\/et_pb_image][\/et_pb_column][\/et_pb_row][\/et_pb_section][et_pb_section fb_built=\u00bb1&#8243; _builder_version=\u00bb4.16&#8243; background_color=\u00bb#b9e9bf\u00bb custom_margin=\u00bb|0px||0px\u00bb custom_padding=\u00bb10px||10px|\u00bb global_colors_info=\u00bb{}\u00bb][et_pb_row column_structure=\u00bb1_3,1_3,1_3&#8243; use_custom_gutter=\u00bbon\u00bb gutter_width=\u00bb1&#8243; _builder_version=\u00bb4.27.4&#8243; _module_preset=\u00bbdefault\u00bb width=\u00bb100%\u00bb max_width=\u00bb1570px\u00bb custom_margin=\u00bb0px||0px||false|false\u00bb custom_padding=\u00bb0px||0px||false|false\u00bb global_colors_info=\u00bb{}\u00bb][et_pb_column type=\u00bb1_3&#8243; _builder_version=\u00bb4.27.4&#8243; _module_preset=\u00bbdefault\u00bb global_colors_info=\u00bb{}\u00bb][et_pb_image src=\u00bbhttps:\/\/arroceradenayarit.com\/lavillita\/wp-content\/uploads\/2025\/11\/receta_arroz_alamexicana.jpg\u00bb title_text=\u00bbreceta_arroz_alamexicana\u00bb show_in_lightbox=\u00bbon\u00bb use_overlay=\u00bbon\u00bb hover_icon=\u00bb&#x30;||divi||400&#8243; _builder_version=\u00bb4.27.4&#8243; _module_preset=\u00bbdefault\u00bb global_colors_info=\u00bb{}\u00bb][\/et_pb_image][\/et_pb_column][et_pb_column type=\u00bb1_3&#8243; _builder_version=\u00bb4.27.4&#8243; _module_preset=\u00bbdefault\u00bb global_colors_info=\u00bb{}\u00bb][et_pb_image src=\u00bbhttps:\/\/arroceradenayarit.com\/lavillita\/wp-content\/uploads\/2025\/11\/receta_arroz_conleche.jpg\u00bb title_text=\u00bbreceta_arroz_conleche\u00bb show_in_lightbox=\u00bbon\u00bb use_overlay=\u00bbon\u00bb hover_icon=\u00bb&#x30;||divi||400&#8243; _builder_version=\u00bb4.27.4&#8243; _module_preset=\u00bbdefault\u00bb global_colors_info=\u00bb{}\u00bb][\/et_pb_image][\/et_pb_column][et_pb_column type=\u00bb1_3&#8243; _builder_version=\u00bb4.27.4&#8243; _module_preset=\u00bbdefault\u00bb global_colors_info=\u00bb{}\u00bb][et_pb_image src=\u00bbhttps:\/\/arroceradenayarit.com\/lavillita\/wp-content\/uploads\/2025\/11\/receta_arroz_risoto.jpg\u00bb title_text=\u00bbreceta_arroz_risoto\u00bb show_in_lightbox=\u00bbon\u00bb use_overlay=\u00bbon\u00bb hover_icon=\u00bb&#x30;||divi||400&#8243; _builder_version=\u00bb4.27.4&#8243; _module_preset=\u00bbdefault\u00bb global_colors_info=\u00bb{}\u00bb][\/et_pb_image][\/et_pb_column][\/et_pb_row][\/et_pb_section][et_pb_section fb_built=\u00bb1&#8243; _builder_version=\u00bb4.16&#8243; custom_padding=\u00bb0px|0px|0px|0px\u00bb global_colors_info=\u00bb{}\u00bb][et_pb_row _builder_version=\u00bb4.16&#8243; background_size=\u00bbinitial\u00bb background_position=\u00bbtop_left\u00bb background_repeat=\u00bbrepeat\u00bb global_colors_info=\u00bb{}\u00bb][et_pb_column type=\u00bb4_4&#8243; _builder_version=\u00bb4.16&#8243; custom_padding=\u00bb|||\u00bb global_colors_info=\u00bb{}\u00bb custom_padding__hover=\u00bb|||\u00bb][et_pb_button button_url=\u00bbhttps:\/\/arroceradenayarit.com\/lavillita\/recetas\/\u00bb button_text=\u00bbCONSULTE NUESTRAS RECETAS\u00bb button_alignment=\u00bbcenter\u00bb _builder_version=\u00bb4.16&#8243; custom_button=\u00bbon\u00bb button_text_size=\u00bb18&#8243; button_text_color=\u00bb#ffffff\u00bb button_bg_color=\u00bb#009300&#8243; global_colors_info=\u00bb{}\u00bb button_text_size__hover_enabled=\u00bboff\u00bb button_one_text_size__hover_enabled=\u00bboff\u00bb button_two_text_size__hover_enabled=\u00bboff\u00bb button_text_color__hover_enabled=\u00bboff\u00bb button_one_text_color__hover_enabled=\u00bboff\u00bb button_two_text_color__hover_enabled=\u00bboff\u00bb button_border_width__hover_enabled=\u00bboff\u00bb button_one_border_width__hover_enabled=\u00bboff\u00bb button_two_border_width__hover_enabled=\u00bboff\u00bb button_border_color__hover_enabled=\u00bboff\u00bb button_one_border_color__hover_enabled=\u00bboff\u00bb button_two_border_color__hover_enabled=\u00bboff\u00bb button_border_radius__hover_enabled=\u00bboff\u00bb button_one_border_radius__hover_enabled=\u00bboff\u00bb button_two_border_radius__hover_enabled=\u00bboff\u00bb button_letter_spacing__hover_enabled=\u00bboff\u00bb button_one_letter_spacing__hover_enabled=\u00bboff\u00bb button_two_letter_spacing__hover_enabled=\u00bboff\u00bb button_bg_color__hover_enabled=\u00bboff\u00bb button_one_bg_color__hover_enabled=\u00bboff\u00bb button_two_bg_color__hover_enabled=\u00bboff\u00bb][\/et_pb_button][\/et_pb_column][\/et_pb_row][\/et_pb_section][et_pb_section fb_built=\u00bb1&#8243; _builder_version=\u00bb4.16&#8243; background_image=\u00bbhttps:\/\/arroceradenayarit.com\/lavillita\/wp-content\/uploads\/2019\/03\/yamadas-rice-fields-285311_960_720.jpg\u00bb parallax=\u00bbon\u00bb global_colors_info=\u00bb{}\u00bb][et_pb_row column_structure=\u00bb1_3,1_3,1_3&#8243; _builder_version=\u00bb4.27.4&#8243; _module_preset=\u00bbdefault\u00bb global_colors_info=\u00bb{}\u00bb][et_pb_column type=\u00bb1_3&#8243; _builder_version=\u00bb4.27.4&#8243; _module_preset=\u00bbdefault\u00bb global_colors_info=\u00bb{}\u00bb][et_pb_image src=\u00bbhttps:\/\/arroceradenayarit.com\/lavillita\/wp-content\/uploads\/2025\/11\/proceso.png\u00bb title_text=\u00bbproceso\u00bb url=\u00bbhttps:\/\/arroceradenayarit.com\/lavillita\/arroz-el-proceso\/\u00bb align=\u00bbcenter\u00bb _builder_version=\u00bb4.27.4&#8243; _module_preset=\u00bbdefault\u00bb global_colors_info=\u00bb{}\u00bb][\/et_pb_image][\/et_pb_column][et_pb_column type=\u00bb1_3&#8243; _builder_version=\u00bb4.27.4&#8243; _module_preset=\u00bbdefault\u00bb global_colors_info=\u00bb{}\u00bb][et_pb_image src=\u00bbhttps:\/\/arroceradenayarit.com\/lavillita\/wp-content\/uploads\/2025\/11\/galeria.png\u00bb title_text=\u00bbgaleria\u00bb url=\u00bbhttps:\/\/arroceradenayarit.com\/lavillita\/galeria\/\u00bb align=\u00bbcenter\u00bb _builder_version=\u00bb4.27.4&#8243; _module_preset=\u00bbdefault\u00bb global_colors_info=\u00bb{}\u00bb][\/et_pb_image][\/et_pb_column][et_pb_column type=\u00bb1_3&#8243; _builder_version=\u00bb4.27.4&#8243; _module_preset=\u00bbdefault\u00bb global_colors_info=\u00bb{}\u00bb][et_pb_image src=\u00bbhttps:\/\/arroceradenayarit.com\/lavillita\/wp-content\/uploads\/2025\/11\/preparacion.png\u00bb title_text=\u00bbpreparacion\u00bb url=\u00bbhttps:\/\/arroceradenayarit.com\/lavillita\/preparacion\/\u00bb align=\u00bbcenter\u00bb _builder_version=\u00bb4.27.4&#8243; _module_preset=\u00bbdefault\u00bb global_colors_info=\u00bb{}\u00bb][\/et_pb_image][\/et_pb_column][\/et_pb_row][\/et_pb_section]<\/p>\n","protected":false},"excerpt":{"rendered":"<p>La Villita \/ Arrocera de NayaritPreocupados por ofrecer en todo momento productos con los est\u00e1ndares de calidad m\u00e1s altos. Trabajamos con calidad para cosechar el alimento perfecto. Nuestros productos manejan los est\u00e1ndares de calidad m\u00e1s altos, desarrollamos tambi\u00e9n una imagen visual m\u00e1s amable con nuestros clientes, un concepto tan fresco como nuestros productos, pero sobre [&hellip;]<\/p>\n","protected":false},"author":1,"featured_media":0,"parent":0,"menu_order":0,"comment_status":"closed","ping_status":"closed","template":"","meta":{"_et_pb_use_builder":"on","_et_pb_old_content":"","_et_gb_content_width":"","footnotes":""},"class_list":["post-46","page","type-page","status-publish","hentry"],"_links":{"self":[{"href":"https:\/\/arroceradenayarit.com\/lavillita\/wp-json\/wp\/v2\/pages\/46","targetHints":{"allow":["GET"]}}],"collection":[{"href":"https:\/\/arroceradenayarit.com\/lavillita\/wp-json\/wp\/v2\/pages"}],"about":[{"href":"https:\/\/arroceradenayarit.com\/lavillita\/wp-json\/wp\/v2\/types\/page"}],"author":[{"embeddable":true,"href":"https:\/\/arroceradenayarit.com\/lavillita\/wp-json\/wp\/v2\/users\/1"}],"replies":[{"embeddable":true,"href":"https:\/\/arroceradenayarit.com\/lavillita\/wp-json\/wp\/v2\/comments?post=46"}],"version-history":[{"count":1,"href":"https:\/\/arroceradenayarit.com\/lavillita\/wp-json\/wp\/v2\/pages\/46\/revisions"}],"predecessor-version":[{"id":1903,"href":"https:\/\/arroceradenayarit.com\/lavillita\/wp-json\/wp\/v2\/pages\/46\/revisions\/1903"}],"wp:attachment":[{"href":"https:\/\/arroceradenayarit.com\/lavillita\/wp-json\/wp\/v2\/media?parent=46"}],"curies":[{"name":"wp","href":"https:\/\/api.w.org\/{rel}","templated":true}]}}