{"id":979,"date":"2018-11-22T23:39:21","date_gmt":"2018-11-22T23:39:21","guid":{"rendered":"https:\/\/arroceradenayarit.com\/lavillita\/?page_id=979"},"modified":"2025-11-22T00:33:03","modified_gmt":"2025-11-22T00:33:03","slug":"arroz-integral","status":"publish","type":"page","link":"https:\/\/arroceradenayarit.com\/lavillita\/arroz-integral\/","title":{"rendered":"Arroz Integral"},"content":{"rendered":"<p>[et_pb_section fb_built=\u00bb1&#8243; fullwidth=\u00bbon\u00bb _builder_version=\u00bb4.16&#8243; box_shadow_style=\u00bbpreset3&#8243; global_colors_info=\u00bb{}\u00bb][et_pb_fullwidth_image src=\u00bbhttps:\/\/arroceradenayarit.com\/lavillita\/wp-content\/uploads\/2019\/04\/arroz_integral_cabecera.jpg\u00bb _builder_version=\u00bb4.16&#8243; global_colors_info=\u00bb{}\u00bb][\/et_pb_fullwidth_image][\/et_pb_section][et_pb_section fb_built=\u00bb1&#8243; _builder_version=\u00bb4.16&#8243; parallax=\u00bbon\u00bb global_colors_info=\u00bb{}\u00bb][et_pb_row column_structure=\u00bb1_2,1_2&#8243; _builder_version=\u00bb4.16&#8243; global_colors_info=\u00bb{}\u00bb][et_pb_column type=\u00bb1_2&#8243; _builder_version=\u00bb4.16&#8243; custom_padding=\u00bb|||\u00bb global_colors_info=\u00bb{}\u00bb custom_padding__hover=\u00bb|||\u00bb][et_pb_text _builder_version=\u00bb4.16&#8243; global_colors_info=\u00bb{}\u00bb]<\/p>\n<h1><span style=\"color: #008000;\">Arroz<br \/>\n<b>Integral<\/b><\/span><\/h1>\n<p>[\/et_pb_text][et_pb_tabs active_tab_background_color=\u00bb#009300&#8243; inactive_tab_background_color=\u00bb#005300&#8243; _builder_version=\u00bb4.16&#8243; tab_text_color=\u00bb#ffffff\u00bb border_width_all=\u00bb0px\u00bb global_colors_info=\u00bb{}\u00bb][et_pb_tab title=\u00bbA Granel\u00bb _builder_version=\u00bb4.16&#8243; global_colors_info=\u00bb{}\u00bb]<strong>Nombre:<\/strong> Arroz Integral<br \/>\n<strong>Variedad:<\/strong> Milagro, Morelos, Grano Largo Delgado<br \/>\n<strong>Descripci\u00f3n:<\/strong> Grano de arroz descascarado caracter\u00edstico por ser un grano moreno que no ha atravesado el proceso del pulido.<br \/>\n<strong>Marca:<\/strong> Villita Integral<br \/>\n<strong>Presentaci\u00f3n:<\/strong> 50 kg y 25 kg<\/p>\n<hr \/>\n<p><strong>Caracter\u00edsticas Organol\u00e9pticas<\/strong><\/p>\n<p><strong>Olor:<\/strong> Caracter\u00edstico del arroz sano, seco y limpio.<br \/>\n<strong>Color:<\/strong> Caf\u00e9 o moreno, caracter\u00edstico del arroz sin pulir.<br \/>\n<strong>Sabor:<\/strong> Caracter\u00edstico del arroz integral sano, seco, limpio y sin pulir.<br \/>\n<strong>Textura:<\/strong> Granular firme<\/p>\n<hr \/>\n<p><strong>Tabla Nutrimental<br \/>\n<\/strong>Cada 1\/4 de taza (49g) de porci\u00f3n de arroz, aporta:<\/p>\n<p><img loading=\"lazy\" decoding=\"async\" class=\"alignnone wp-image-1417 size-full\" src=\"https:\/\/arroceradenayarit.com\/lavillita\/wp-content\/uploads\/2019\/04\/graficanutricional_arrozintegral_granel.png\" alt=\"\" width=\"400\" height=\"186\" srcset=\"https:\/\/arroceradenayarit.com\/lavillita\/wp-content\/uploads\/2019\/04\/graficanutricional_arrozintegral_granel.png 400w, https:\/\/arroceradenayarit.com\/lavillita\/wp-content\/uploads\/2019\/04\/graficanutricional_arrozintegral_granel-300x140.png 300w\" sizes=\"(max-width: 400px) 100vw, 400px\" \/><br \/>\n[\/et_pb_tab][et_pb_tab title=\u00bbEmpaquetado\u00bb _builder_version=\u00bb4.16&#8243; global_colors_info=\u00bb{}\u00bb]<strong>Nombre:<\/strong> Arroz Integral<br \/>\n<strong>Variedad:<\/strong> Milagro, Morelos, Grano Largo Delgado<br \/>\n<strong>Descripci\u00f3n:<\/strong> Grano de arroz descascarado caracter\u00edstico por ser un grano moreno que no ha atravesado el proceso del pulido.<br \/>\n<strong>Marca:<\/strong> Villita Integral<br \/>\n<strong>Presentaci\u00f3n:<\/strong> 25&#215;1 kg, 10&#215;1 kg<\/p>\n<hr \/>\n<p><strong>Caracter\u00edsticas Organol\u00e9pticas<\/strong><\/p>\n<p><strong>Olor:<\/strong> Caracter\u00edstico del arroz sano, seco y limpio.<br \/>\n<strong>Color:<\/strong> Caf\u00e9 o moreno, caracter\u00edstico del arroz sin pulir.<br \/>\n<strong>Sabor:<\/strong> Caracter\u00edstico del arroz integral sano, seco, limpio y sin pulir.<br \/>\n<strong>Textura:<\/strong> Granular firme<\/p>\n<hr \/>\n<p><strong>Tabla Nutrimental<br \/>\n<\/strong>Cada 1\/4 de taza (49g) de porci\u00f3n de arroz, aporta:<\/p>\n<p><img loading=\"lazy\" decoding=\"async\" class=\"alignnone wp-image-1420 size-full\" src=\"https:\/\/arroceradenayarit.com\/lavillita\/wp-content\/uploads\/2019\/04\/graficanutricional_arrozintegral_empaquetado.png\" alt=\"\" width=\"400\" height=\"186\" srcset=\"https:\/\/arroceradenayarit.com\/lavillita\/wp-content\/uploads\/2019\/04\/graficanutricional_arrozintegral_empaquetado.png 400w, https:\/\/arroceradenayarit.com\/lavillita\/wp-content\/uploads\/2019\/04\/graficanutricional_arrozintegral_empaquetado-300x140.png 300w\" sizes=\"(max-width: 400px) 100vw, 400px\" \/><br \/>\n[\/et_pb_tab][\/et_pb_tabs][\/et_pb_column][et_pb_column type=\u00bb1_2&#8243; _builder_version=\u00bb4.16&#8243; custom_padding=\u00bb|||\u00bb global_colors_info=\u00bb{}\u00bb custom_padding__hover=\u00bb|||\u00bb][et_pb_image src=\u00bbhttps:\/\/arroceradenayarit.com\/lavillita\/wp-content\/uploads\/2019\/04\/productos_arroz_integral.png\u00bb align=\u00bbcenter\u00bb align_tablet=\u00bbcenter\u00bb align_phone=\u00bbcenter\u00bb align_last_edited=\u00bbon|desktop\u00bb _builder_version=\u00bb4.16&#8243; always_center_on_mobile=\u00bbon\u00bb global_colors_info=\u00bb{}\u00bb][\/et_pb_image][\/et_pb_column][\/et_pb_row][et_pb_row column_structure=\u00bb1_4,1_4,1_4,1_4&#8243; use_custom_gutter=\u00bbon\u00bb gutter_width=\u00bb1&#8243; _builder_version=\u00bb4.27.4&#8243; _module_preset=\u00bbdefault\u00bb global_colors_info=\u00bb{}\u00bb theme_builder_area=\u00bbpost_content\u00bb][et_pb_column type=\u00bb1_4&#8243; _builder_version=\u00bb4.27.4&#8243; _module_preset=\u00bbdefault\u00bb global_colors_info=\u00bb{}\u00bb theme_builder_area=\u00bbpost_content\u00bb][et_pb_image src=\u00bbhttps:\/\/arroceradenayarit.com\/lavillita\/wp-content\/uploads\/2025\/11\/arroz_milagro.png\u00bb title_text=\u00bbarroz_milagro\u00bb url=\u00bbhttps:\/\/arroceradenayarit.com\/lavillita\/arroz-milagro\/\u00bb use_overlay=\u00bbon\u00bb overlay_icon_color=\u00bb#009300&#8243; hover_icon=\u00bb&#x24;||divi||400&#8243; align=\u00bbcenter\u00bb _builder_version=\u00bb4.27.4&#8243; _module_preset=\u00bbdefault\u00bb global_colors_info=\u00bb{}\u00bb theme_builder_area=\u00bbpost_content\u00bb][\/et_pb_image][\/et_pb_column][et_pb_column type=\u00bb1_4&#8243; _builder_version=\u00bb4.27.4&#8243; _module_preset=\u00bbdefault\u00bb global_colors_info=\u00bb{}\u00bb theme_builder_area=\u00bbpost_content\u00bb][et_pb_image src=\u00bbhttps:\/\/arroceradenayarit.com\/lavillita\/wp-content\/uploads\/2025\/11\/arroz_morelos.png\u00bb title_text=\u00bbarroz_morelos\u00bb url=\u00bbhttps:\/\/arroceradenayarit.com\/lavillita\/arroz-morelos\/\u00bb use_overlay=\u00bbon\u00bb overlay_icon_color=\u00bb#009300&#8243; hover_icon=\u00bb&#x24;||divi||400&#8243; align=\u00bbcenter\u00bb _builder_version=\u00bb4.27.4&#8243; _module_preset=\u00bbdefault\u00bb global_colors_info=\u00bb{}\u00bb theme_builder_area=\u00bbpost_content\u00bb][\/et_pb_image][\/et_pb_column][et_pb_column type=\u00bb1_4&#8243; _builder_version=\u00bb4.27.4&#8243; _module_preset=\u00bbdefault\u00bb global_colors_info=\u00bb{}\u00bb theme_builder_area=\u00bbpost_content\u00bb][et_pb_image src=\u00bbhttps:\/\/arroceradenayarit.com\/lavillita\/wp-content\/uploads\/2025\/11\/arroz_delgado.png\u00bb title_text=\u00bbarroz_delgado\u00bb url=\u00bbhttps:\/\/arroceradenayarit.com\/lavillita\/arroz-delgado\/\u00bb use_overlay=\u00bbon\u00bb overlay_icon_color=\u00bb#009300&#8243; hover_icon=\u00bb&#x24;||divi||400&#8243; align=\u00bbcenter\u00bb _builder_version=\u00bb4.27.4&#8243; _module_preset=\u00bbdefault\u00bb global_colors_info=\u00bb{}\u00bb theme_builder_area=\u00bbpost_content\u00bb][\/et_pb_image][\/et_pb_column][et_pb_column type=\u00bb1_4&#8243; _builder_version=\u00bb4.27.4&#8243; _module_preset=\u00bbdefault\u00bb global_colors_info=\u00bb{}\u00bb theme_builder_area=\u00bbpost_content\u00bb][et_pb_image src=\u00bbhttps:\/\/arroceradenayarit.com\/lavillita\/wp-content\/uploads\/2025\/11\/arroz_integral.png\u00bb title_text=\u00bbarroz_integral\u00bb url=\u00bbhttps:\/\/arroceradenayarit.com\/lavillita\/arroz-integral\/\u00bb use_overlay=\u00bbon\u00bb overlay_icon_color=\u00bb#009300&#8243; hover_icon=\u00bb&#x24;||divi||400&#8243; align=\u00bbcenter\u00bb _builder_version=\u00bb4.27.4&#8243; _module_preset=\u00bbdefault\u00bb global_colors_info=\u00bb{}\u00bb theme_builder_area=\u00bbpost_content\u00bb][\/et_pb_image][\/et_pb_column][\/et_pb_row][et_pb_row _builder_version=\u00bb4.16&#8243; background_size=\u00bbinitial\u00bb background_position=\u00bbtop_left\u00bb background_repeat=\u00bbrepeat\u00bb global_colors_info=\u00bb{}\u00bb][et_pb_column type=\u00bb4_4&#8243; _builder_version=\u00bb4.16&#8243; custom_padding=\u00bb|||\u00bb global_colors_info=\u00bb{}\u00bb custom_padding__hover=\u00bb|||\u00bb][et_pb_button button_url=\u00bbhttps:\/\/arroceradenayarit.com\/lavillita\/otros-productos\/\u00bb button_text=\u00bbOTROS PRODUCTOS\u00bb button_alignment=\u00bbcenter\u00bb _builder_version=\u00bb4.16&#8243; custom_button=\u00bbon\u00bb button_text_color=\u00bb#ffffff\u00bb button_bg_color=\u00bb#f80000&#8243; global_colors_info=\u00bb{}\u00bb button_text_size__hover_enabled=\u00bboff\u00bb button_one_text_size__hover_enabled=\u00bboff\u00bb button_two_text_size__hover_enabled=\u00bboff\u00bb button_text_color__hover_enabled=\u00bboff\u00bb button_one_text_color__hover_enabled=\u00bboff\u00bb button_two_text_color__hover_enabled=\u00bboff\u00bb button_border_width__hover_enabled=\u00bboff\u00bb button_one_border_width__hover_enabled=\u00bboff\u00bb button_two_border_width__hover_enabled=\u00bboff\u00bb button_border_color__hover_enabled=\u00bboff\u00bb button_one_border_color__hover_enabled=\u00bboff\u00bb button_two_border_color__hover_enabled=\u00bboff\u00bb button_border_radius__hover_enabled=\u00bboff\u00bb button_one_border_radius__hover_enabled=\u00bboff\u00bb button_two_border_radius__hover_enabled=\u00bboff\u00bb button_letter_spacing__hover_enabled=\u00bboff\u00bb button_one_letter_spacing__hover_enabled=\u00bboff\u00bb button_two_letter_spacing__hover_enabled=\u00bboff\u00bb button_bg_color__hover_enabled=\u00bboff\u00bb button_one_bg_color__hover_enabled=\u00bboff\u00bb button_two_bg_color__hover_enabled=\u00bboff\u00bb][\/et_pb_button][\/et_pb_column][\/et_pb_row][\/et_pb_section][et_pb_section fb_built=\u00bb1&#8243; _builder_version=\u00bb4.16&#8243; background_image=\u00bbhttps:\/\/arroceradenayarit.com\/lavillita\/wp-content\/uploads\/2019\/03\/yamadas-rice-fields-285311_960_720.jpg\u00bb parallax=\u00bbon\u00bb global_colors_info=\u00bb{}\u00bb][et_pb_row column_structure=\u00bb1_3,1_3,1_3&#8243; _builder_version=\u00bb4.27.4&#8243; _module_preset=\u00bbdefault\u00bb global_colors_info=\u00bb{}\u00bb theme_builder_area=\u00bbpost_content\u00bb][et_pb_column type=\u00bb1_3&#8243; _builder_version=\u00bb4.27.4&#8243; _module_preset=\u00bbdefault\u00bb global_colors_info=\u00bb{}\u00bb theme_builder_area=\u00bbpost_content\u00bb][et_pb_image src=\u00bbhttps:\/\/arroceradenayarit.com\/lavillita\/wp-content\/uploads\/2025\/11\/proceso.png\u00bb title_text=\u00bbproceso\u00bb url=\u00bbhttps:\/\/arroceradenayarit.com\/lavillita\/arroz-el-proceso\/\u00bb align=\u00bbcenter\u00bb _builder_version=\u00bb4.27.4&#8243; _module_preset=\u00bbdefault\u00bb global_colors_info=\u00bb{}\u00bb theme_builder_area=\u00bbpost_content\u00bb][\/et_pb_image][\/et_pb_column][et_pb_column type=\u00bb1_3&#8243; _builder_version=\u00bb4.27.4&#8243; _module_preset=\u00bbdefault\u00bb global_colors_info=\u00bb{}\u00bb theme_builder_area=\u00bbpost_content\u00bb][et_pb_image src=\u00bbhttps:\/\/arroceradenayarit.com\/lavillita\/wp-content\/uploads\/2025\/11\/galeria.png\u00bb title_text=\u00bbgaleria\u00bb url=\u00bbhttps:\/\/arroceradenayarit.com\/lavillita\/galeria\/\u00bb align=\u00bbcenter\u00bb _builder_version=\u00bb4.27.4&#8243; _module_preset=\u00bbdefault\u00bb global_colors_info=\u00bb{}\u00bb theme_builder_area=\u00bbpost_content\u00bb][\/et_pb_image][\/et_pb_column][et_pb_column type=\u00bb1_3&#8243; _builder_version=\u00bb4.27.4&#8243; _module_preset=\u00bbdefault\u00bb global_colors_info=\u00bb{}\u00bb theme_builder_area=\u00bbpost_content\u00bb][et_pb_image src=\u00bbhttps:\/\/arroceradenayarit.com\/lavillita\/wp-content\/uploads\/2025\/11\/preparacion.png\u00bb title_text=\u00bbpreparacion\u00bb url=\u00bbhttps:\/\/arroceradenayarit.com\/lavillita\/preparacion\/\u00bb align=\u00bbcenter\u00bb _builder_version=\u00bb4.27.4&#8243; _module_preset=\u00bbdefault\u00bb global_colors_info=\u00bb{}\u00bb theme_builder_area=\u00bbpost_content\u00bb][\/et_pb_image][\/et_pb_column][\/et_pb_row][\/et_pb_section]<\/p>\n","protected":false},"excerpt":{"rendered":"<p>Arroz Integral Nombre: Arroz Integral Variedad: Milagro, Morelos, Grano Largo Delgado Descripci\u00f3n: Grano de arroz descascarado caracter\u00edstico por ser un grano moreno que no ha atravesado el proceso del pulido. Marca: Villita Integral Presentaci\u00f3n: 50 kg y 25 kg Caracter\u00edsticas Organol\u00e9pticas Olor: Caracter\u00edstico del arroz sano, seco y limpio. Color: Caf\u00e9 o moreno, caracter\u00edstico del [&hellip;]<\/p>\n","protected":false},"author":1,"featured_media":0,"parent":0,"menu_order":0,"comment_status":"closed","ping_status":"closed","template":"","meta":{"_et_pb_use_builder":"on","_et_pb_old_content":"","_et_gb_content_width":"","footnotes":""},"class_list":["post-979","page","type-page","status-publish","hentry"],"_links":{"self":[{"href":"https:\/\/arroceradenayarit.com\/lavillita\/wp-json\/wp\/v2\/pages\/979","targetHints":{"allow":["GET"]}}],"collection":[{"href":"https:\/\/arroceradenayarit.com\/lavillita\/wp-json\/wp\/v2\/pages"}],"about":[{"href":"https:\/\/arroceradenayarit.com\/lavillita\/wp-json\/wp\/v2\/types\/page"}],"author":[{"embeddable":true,"href":"https:\/\/arroceradenayarit.com\/lavillita\/wp-json\/wp\/v2\/users\/1"}],"replies":[{"embeddable":true,"href":"https:\/\/arroceradenayarit.com\/lavillita\/wp-json\/wp\/v2\/comments?post=979"}],"version-history":[{"count":2,"href":"https:\/\/arroceradenayarit.com\/lavillita\/wp-json\/wp\/v2\/pages\/979\/revisions"}],"predecessor-version":[{"id":1864,"href":"https:\/\/arroceradenayarit.com\/lavillita\/wp-json\/wp\/v2\/pages\/979\/revisions\/1864"}],"wp:attachment":[{"href":"https:\/\/arroceradenayarit.com\/lavillita\/wp-json\/wp\/v2\/media?parent=979"}],"curies":[{"name":"wp","href":"https:\/\/api.w.org\/{rel}","templated":true}]}}